{"id":127,"date":"2021-04-15T15:15:04","date_gmt":"2021-04-15T15:15:04","guid":{"rendered":"https:\/\/www.madercal.com\/?page_id=127"},"modified":"2022-06-16T11:03:22","modified_gmt":"2022-06-16T11:03:22","slug":"articulos","status":"publish","type":"page","link":"https:\/\/www.madercal.com\/?page_id=127","title":{"rendered":"Art\u00edculos"},"content":{"rendered":"\n<p>Palas de Playa Artesanales<\/p>\n\n\n\n<p>  <\/p>\n\n\n\n<p>Oferta dos unidades de palas de playa artesanales de madera de morera, resistentes al agua y al sol. Madera que se utiliza en los barcos. Incluye 2 Palas + Bolso + Pelota por 55\u20ac. Recogida en Mog\u00e1n. Tambi\u00e9n hacemos env\u00edos. Puedes personalizarlas con nombre o iniciales (Preguntar precio) Atendemos email y WhatsApp: 637971336 \/ doramas@madercal.com<\/p>\n\n\n\n<p><\/p>\n","protected":false},"excerpt":{"rendered":"<p>Palas de Playa Artesanales Oferta dos unidades de palas de playa artesanales de madera de morera, resistentes al agua y al sol. Madera que se utiliza en los barcos. Incluye 2 Palas + Bolso + Pelota por 55\u20ac. Recogida en Mog\u00e1n. Tambi\u00e9n hacemos env\u00edos. Puedes personalizarlas con nombre o iniciales (Preguntar precio) Atendemos email y &hellip; <\/p>\n<p class=\"link-more\"><a href=\"https:\/\/www.madercal.com\/?page_id=127\" class=\"more-link\">Continuar leyendo<span class=\"screen-reader-text\"> \u00abArt\u00edculos\u00bb<\/span><\/a><\/p>\n","protected":false},"author":1,"featured_media":303,"parent":0,"menu_order":0,"comment_status":"closed","ping_status":"closed","template":"","meta":{"footnotes":""},"class_list":["post-127","page","type-page","status-publish","has-post-thumbnail","hentry"],"_links":{"self":[{"href":"https:\/\/www.madercal.com\/index.php?rest_route=\/wp\/v2\/pages\/127","targetHints":{"allow":["GET"]}}],"collection":[{"href":"https:\/\/www.madercal.com\/index.php?rest_route=\/wp\/v2\/pages"}],"about":[{"href":"https:\/\/www.madercal.com\/index.php?rest_route=\/wp\/v2\/types\/page"}],"author":[{"embeddable":true,"href":"https:\/\/www.madercal.com\/index.php?rest_route=\/wp\/v2\/users\/1"}],"replies":[{"embeddable":true,"href":"https:\/\/www.madercal.com\/index.php?rest_route=%2Fwp%2Fv2%2Fcomments&post=127"}],"version-history":[{"count":4,"href":"https:\/\/www.madercal.com\/index.php?rest_route=\/wp\/v2\/pages\/127\/revisions"}],"predecessor-version":[{"id":304,"href":"https:\/\/www.madercal.com\/index.php?rest_route=\/wp\/v2\/pages\/127\/revisions\/304"}],"wp:featuredmedia":[{"embeddable":true,"href":"https:\/\/www.madercal.com\/index.php?rest_route=\/wp\/v2\/media\/303"}],"wp:attachment":[{"href":"https:\/\/www.madercal.com\/index.php?rest_route=%2Fwp%2Fv2%2Fmedia&parent=127"}],"curies":[{"name":"wp","href":"https:\/\/api.w.org\/{rel}","templated":true}]}}